{"id":358,"date":"2023-07-05T19:25:46","date_gmt":"2023-07-05T17:25:46","guid":{"rendered":"https:\/\/www.javanabytok.eu\/?page_id=358"},"modified":"2023-07-15T13:43:01","modified_gmt":"2023-07-15T11:43:01","slug":"detske-izby-a-pc-stoliky","status":"publish","type":"page","link":"https:\/\/www.javanabytok.eu\/?page_id=358","title":{"rendered":"Detsk\u00e9 izby a PC stol\u00edky"},"content":{"rendered":"<p>[et_pb_section fb_built=&#8221;1&#8243; _builder_version=&#8221;4.21.0&#8243; _module_preset=&#8221;default&#8221; background_color=&#8221;gcid-67960745-cc0c-4d73-b86b-ef2d6023be78&#8243; global_colors_info=&#8221;{%22gcid-67960745-cc0c-4d73-b86b-ef2d6023be78%22:%91%22background_color%22%93}&#8221; custom_padding=&#8221;50px|||||&#8221;][et_pb_row _builder_version=&#8221;4.21.0&#8243; _module_preset=&#8221;default&#8221; global_colors_info=&#8221;{}&#8221;][et_pb_column type=&#8221;4_4&#8243; _builder_version=&#8221;4.21.0&#8243; _module_preset=&#8221;default&#8221; global_colors_info=&#8221;{}&#8221;][et_pb_text _builder_version=&#8221;4.21.0&#8243; _module_preset=&#8221;default&#8221; hover_enabled=&#8221;0&#8243; global_colors_info=&#8221;{}&#8221; header_font=&#8221;Questrial|700|||||||&#8221; header_text_color=&#8221;#323232&#8243; header_font_size=&#8221;40px&#8221; sticky_enabled=&#8221;0&#8243;]<\/p>\n<h1><strong>Detsk\u00e9 izby a PC stol\u00edky<\/strong><\/h1>\n<p>[\/et_pb_text][et_pb_text _builder_version=&#8221;4.21.0&#8243; _module_preset=&#8221;default&#8221; text_font=&#8221;Questrial|700|||||||&#8221; text_text_color=&#8221;#323232&#8243; text_font_size=&#8221;18px&#8221; hover_enabled=&#8221;0&#8243; sticky_enabled=&#8221;0&#8243;]<\/p>\n<p style=\"text-align: left;\">M\u00e1me \u0161irok\u00fd v\u00fdber detsk\u00fdch izieb a PC stol\u00edkov vyroben\u00fdch z kvalitn\u00fdch materi\u00e1lov, ktor\u00e9 s\u00fa navrhnut\u00e9 tak, aby vyhovovali potreb\u00e1m det\u00ed a rodi\u010dov. Na\u0161e produkty s\u00fa bezpe\u010dn\u00e9, odoln\u00e9 a \u0161t\u00fdlov\u00e9. Nav\u0161t\u00edvte na\u0161u webov\u00fa str\u00e1nku a vyberte si detsk\u00fa izbu pre svoje die\u0165a.<\/p>\n<p>[\/et_pb_text][\/et_pb_column][\/et_pb_row][et_pb_row _builder_version=&#8221;4.21.0&#8243; _module_preset=&#8221;default&#8221; global_colors_info=&#8221;{}&#8221; custom_padding=&#8221;2px|||||&#8221;][et_pb_column type=&#8221;4_4&#8243; _builder_version=&#8221;4.21.0&#8243; _module_preset=&#8221;default&#8221; global_colors_info=&#8221;{}&#8221;][et_pb_gallery gallery_ids=&#8221;394,395&#8243; fullwidth=&#8221;on&#8221; _builder_version=&#8221;4.21.0&#8243; _module_preset=&#8221;default&#8221; global_colors_info=&#8221;{}&#8221;][\/et_pb_gallery][\/et_pb_column][\/et_pb_row][\/et_pb_section]<\/p>\n","protected":false},"excerpt":{"rendered":"<p>Detsk\u00e9 izby a PC stol\u00edkyM\u00e1me \u0161irok\u00fd v\u00fdber detsk\u00fdch izieb a PC stol\u00edkov vyroben\u00fdch z kvalitn\u00fdch materi\u00e1lov, ktor\u00e9 s\u00fa navrhnut\u00e9 tak, aby vyhovovali potreb\u00e1m det\u00ed a rodi\u010dov. Na\u0161e produkty s\u00fa bezpe\u010dn\u00e9, odoln\u00e9 a \u0161t\u00fdlov\u00e9. Nav\u0161t\u00edvte na\u0161u webov\u00fa str\u00e1nku a vyberte si detsk\u00fa izbu pre svoje die\u0165a.<\/p>\n","protected":false},"author":1,"featured_media":0,"parent":0,"menu_order":0,"comment_status":"closed","ping_status":"closed","template":"","meta":{"_et_pb_use_builder":"on","_et_pb_old_content":"","_et_gb_content_width":""},"folder":[],"_links":{"self":[{"href":"https:\/\/www.javanabytok.eu\/index.php?rest_route=\/wp\/v2\/pages\/358"}],"collection":[{"href":"https:\/\/www.javanabytok.eu\/index.php?rest_route=\/wp\/v2\/pages"}],"about":[{"href":"https:\/\/www.javanabytok.eu\/index.php?rest_route=\/wp\/v2\/types\/page"}],"author":[{"embeddable":true,"href":"https:\/\/www.javanabytok.eu\/index.php?rest_route=\/wp\/v2\/users\/1"}],"replies":[{"embeddable":true,"href":"https:\/\/www.javanabytok.eu\/index.php?rest_route=%2Fwp%2Fv2%2Fcomments&post=358"}],"version-history":[{"count":5,"href":"https:\/\/www.javanabytok.eu\/index.php?rest_route=\/wp\/v2\/pages\/358\/revisions"}],"predecessor-version":[{"id":554,"href":"https:\/\/www.javanabytok.eu\/index.php?rest_route=\/wp\/v2\/pages\/358\/revisions\/554"}],"wp:attachment":[{"href":"https:\/\/www.javanabytok.eu\/index.php?rest_route=%2Fwp%2Fv2%2Fmedia&parent=358"}],"wp:term":[{"taxonomy":"folder","embeddable":true,"href":"https:\/\/www.javanabytok.eu\/index.php?rest_route=%2Fwp%2Fv2%2Ffolder&post=358"}],"curies":[{"name":"wp","href":"https:\/\/api.w.org\/{rel}","templated":true}]}}