{"id":141,"date":"2023-06-21T08:10:25","date_gmt":"2023-06-21T06:10:25","guid":{"rendered":"https:\/\/www.javanabytok.eu\/?page_id=141"},"modified":"2023-07-05T17:34:53","modified_gmt":"2023-07-05T15:34:53","slug":"kontakt","status":"publish","type":"page","link":"https:\/\/www.javanabytok.eu\/?page_id=141","title":{"rendered":"Kontakt"},"content":{"rendered":"<p>[et_pb_section fb_built=&#8221;1&#8243; admin_label=&#8221;Header&#8221; _builder_version=&#8221;4.20.0&#8243; _module_preset=&#8221;default&#8221; background_color=&#8221;gcid-67960745-cc0c-4d73-b86b-ef2d6023be78&#8243; custom_padding=&#8221;||0px|||&#8221; collapsed=&#8221;on&#8221; global_colors_info=&#8221;{%22gcid-67960745-cc0c-4d73-b86b-ef2d6023be78%22:%91%22background_color%22%93}&#8221;][et_pb_row column_structure=&#8221;1_2,1_2&#8243; make_equal=&#8221;on&#8221; _builder_version=&#8221;4.20.0&#8243; _module_preset=&#8221;default&#8221; custom_margin=&#8221;||0px||false|false&#8221; global_colors_info=&#8221;{}&#8221;][et_pb_column type=&#8221;1_2&#8243; _builder_version=&#8221;4.20.0&#8243; _module_preset=&#8221;default&#8221; custom_padding=&#8221;60px||60px||true|false&#8221; custom_padding_tablet=&#8221;0px||0px||true|false&#8221; custom_padding_phone=&#8221;0px||0px||true|false&#8221; custom_padding_last_edited=&#8221;on|tablet&#8221; global_colors_info=&#8221;{}&#8221;][et_pb_text _builder_version=&#8221;4.21.0&#8243; _module_preset=&#8221;5e69421a-1feb-4f4d-bbc4-925467d62b53&#8243; text_font=&#8221;|700|||||||&#8221; text_font_size=&#8221;24px&#8221; text_line_height=&#8221;1.1em&#8221; link_text_color=&#8221;gcid-47173da4-1027-4848-aa03-dcf337566d0e&#8221; hover_enabled=&#8221;0&#8243; text_font_size_phone=&#8221;18px&#8221; global_colors_info=&#8221;{%22gcid-47173da4-1027-4848-aa03-dcf337566d0e%22:%91%22link_text_color%22%93}&#8221; sticky_enabled=&#8221;0&#8243;]<\/p>\n<p><a href=\"mailto:javanabytok@javanabytok.sk\">javanabytok@javanabytok.sk<\/a><\/p>\n<p>[\/et_pb_text][et_pb_text _builder_version=&#8221;4.21.0&#8243; _module_preset=&#8221;5e69421a-1feb-4f4d-bbc4-925467d62b53&#8243; text_font=&#8221;|700|||||||&#8221; text_font_size=&#8221;24px&#8221; link_text_color=&#8221;gcid-47173da4-1027-4848-aa03-dcf337566d0e&#8221; text_font_size_tablet=&#8221;&#8221; text_font_size_phone=&#8221;18px&#8221; text_font_size_last_edited=&#8221;on|phone&#8221; locked=&#8221;off&#8221; global_colors_info=&#8221;{%22gcid-47173da4-1027-4848-aa03-dcf337566d0e%22:%91%22link_text_color%22%93}&#8221;]<\/p>\n<p><a href=\"tel:+421%20905 340 814\">+421 905 340 814<\/a><\/p>\n<p>[\/et_pb_text][et_pb_text _builder_version=&#8221;4.21.0&#8243; _module_preset=&#8221;5eb5a13c-71fb-49b4-9626-62e226e1d201&#8243; text_font_size=&#8221;15px&#8221; header_4_font_size=&#8221;18px&#8221; locked=&#8221;off&#8221; global_colors_info=&#8221;{}&#8221;]<\/p>\n<h4><strong>S\u00eddlo spolo\u010dnosti<\/strong><\/h4>\n<p>[\/et_pb_text][et_pb_text _builder_version=&#8221;4.21.0&#8243; _module_preset=&#8221;5e69421a-1feb-4f4d-bbc4-925467d62b53&#8243; text_line_height=&#8221;1.1em&#8221; link_text_color=&#8221;gcid-47173da4-1027-4848-aa03-dcf337566d0e&#8221; hover_enabled=&#8221;0&#8243; locked=&#8221;off&#8221; global_colors_info=&#8221;{%22gcid-47173da4-1027-4848-aa03-dcf337566d0e%22:%91%22link_text_color%22%93}&#8221; text_font=&#8221;Questrial|600|||||||&#8221; sticky_enabled=&#8221;0&#8243;]<\/p>\n<p>JAVA N\u00c1BYTOK s.r.o.<\/p>\n<p>Priemyseln\u00e1 1<\/p>\n<p>Michalovce 071 01<\/p>\n<p>I\u010cO: 44 182 325<\/p>\n<p>DI\u010c:<\/p>\n<p>I\u010c DPH:<\/p>\n<p>[\/et_pb_text][\/et_pb_column][et_pb_column type=&#8221;1_2&#8243; _builder_version=&#8221;4.20.0&#8243; _module_preset=&#8221;default&#8221; global_colors_info=&#8221;{}&#8221;][et_pb_image src=&#8221;https:\/\/www.javanabytok.eu\/wp-content\/uploads\/2023\/06\/Screenshot-2023-06-21-at-08.19.30.jpg&#8221; title_text=&#8221;Screenshot 2023-06-21 at 08.19.30&#8243; _builder_version=&#8221;4.21.0&#8243; _module_preset=&#8221;default&#8221; global_colors_info=&#8221;{}&#8221;][\/et_pb_image][\/et_pb_column][\/et_pb_row][et_pb_row _builder_version=&#8221;4.21.0&#8243; _module_preset=&#8221;default&#8221; global_colors_info=&#8221;{}&#8221;][et_pb_column type=&#8221;4_4&#8243; _builder_version=&#8221;4.21.0&#8243; _module_preset=&#8221;default&#8221; global_colors_info=&#8221;{}&#8221;][et_pb_map address=&#8221;Priemyseln\u00e1 1707\/1, 071 01 Michalovce, Slovakia&#8221; address_lat=&#8221;48.7444817&#8243; address_lng=&#8221;21.8960173&#8243; _builder_version=&#8221;4.21.0&#8243; _module_preset=&#8221;default&#8221; global_colors_info=&#8221;{}&#8221;][et_pb_map_pin title=&#8221;JAVA N\u00c1BYTOK s.r.o.&#8221; pin_address=&#8221;Priemyseln\u00e1 1707\/1, 071 01 Michalovce, Slovakia&#8221; pin_address_lat=&#8221;48.7441305&#8243; pin_address_lng=&#8221;21.895725&#8243; _builder_version=&#8221;4.21.0&#8243; _module_preset=&#8221;default&#8221; global_colors_info=&#8221;{}&#8221;]<\/p>\n<p>Priemyseln\u00e1 1<\/p>\n<p>Michalovce 071 01<\/p>\n<p>[\/et_pb_map_pin][\/et_pb_map][\/et_pb_column][\/et_pb_row][\/et_pb_section]<\/p>\n","protected":false},"excerpt":{"rendered":"<p>javanabytok@javanabytok.sk+421 905 340 814S\u00eddlo spolo\u010dnostiJAVA N\u00c1BYTOK s.r.o. Priemyseln\u00e1 1 Michalovce 071 01 I\u010cO: 44 182 325 DI\u010c: I\u010c DPH:Priemyseln\u00e1 1 Michalovce 071 01<\/p>\n","protected":false},"author":1,"featured_media":0,"parent":0,"menu_order":0,"comment_status":"closed","ping_status":"closed","template":"","meta":{"_et_pb_use_builder":"on","_et_pb_old_content":"","_et_gb_content_width":""},"folder":[],"_links":{"self":[{"href":"https:\/\/www.javanabytok.eu\/index.php?rest_route=\/wp\/v2\/pages\/141"}],"collection":[{"href":"https:\/\/www.javanabytok.eu\/index.php?rest_route=\/wp\/v2\/pages"}],"about":[{"href":"https:\/\/www.javanabytok.eu\/index.php?rest_route=\/wp\/v2\/types\/page"}],"author":[{"embeddable":true,"href":"https:\/\/www.javanabytok.eu\/index.php?rest_route=\/wp\/v2\/users\/1"}],"replies":[{"embeddable":true,"href":"https:\/\/www.javanabytok.eu\/index.php?rest_route=%2Fwp%2Fv2%2Fcomments&post=141"}],"version-history":[{"count":6,"href":"https:\/\/www.javanabytok.eu\/index.php?rest_route=\/wp\/v2\/pages\/141\/revisions"}],"predecessor-version":[{"id":317,"href":"https:\/\/www.javanabytok.eu\/index.php?rest_route=\/wp\/v2\/pages\/141\/revisions\/317"}],"wp:attachment":[{"href":"https:\/\/www.javanabytok.eu\/index.php?rest_route=%2Fwp%2Fv2%2Fmedia&parent=141"}],"wp:term":[{"taxonomy":"folder","embeddable":true,"href":"https:\/\/www.javanabytok.eu\/index.php?rest_route=%2Fwp%2Fv2%2Ffolder&post=141"}],"curies":[{"name":"wp","href":"https:\/\/api.w.org\/{rel}","templated":true}]}}