{"id":106,"date":"2023-06-21T06:51:53","date_gmt":"2023-06-21T04:51:53","guid":{"rendered":"https:\/\/www.javanabytok.eu\/?page_id=106"},"modified":"2023-07-22T09:22:40","modified_gmt":"2023-07-22T07:22:40","slug":"domov-v2","status":"publish","type":"page","link":"https:\/\/www.javanabytok.eu\/","title":{"rendered":"N\u00e1bytok na mieru"},"content":{"rendered":"<p>[et_pb_section fb_built=&#8221;1&#8243; admin_label=&#8221;Header&#8221; _builder_version=&#8221;4.21.0&#8243; _module_preset=&#8221;default&#8221; background_color=&#8221;#FFFFFF&#8221; width=&#8221;100%&#8221; width_last_edited=&#8221;off|desktop&#8221; max_width=&#8221;100%&#8221; custom_padding=&#8221;0%||0%||true|false&#8221; hover_enabled=&#8221;0&#8243; collapsed=&#8221;on&#8221; global_colors_info=&#8221;{}&#8221; sticky_enabled=&#8221;0&#8243;][et_pb_row custom_padding_last_edited=&#8221;on|desktop&#8221; _builder_version=&#8221;4.21.0&#8243; _module_preset=&#8221;default&#8221; width=&#8221;100%&#8221; max_width=&#8221;100%&#8221; custom_margin=&#8221;0px|auto||auto|false|false&#8221; custom_padding=&#8221;0px|0%|0px|0px|false|false&#8221; custom_padding_tablet=&#8221;0px|0%|0px|0px|false|false&#8221; custom_padding_phone=&#8221;0px|0%|0px|0px|false|false&#8221; global_colors_info=&#8221;{}&#8221;][et_pb_column type=&#8221;4_4&#8243; _builder_version=&#8221;4.21.0&#8243; _module_preset=&#8221;default&#8221; global_colors_info=&#8221;{}&#8221;][et_pb_gallery gallery_ids=&#8221;269,273,267,272,89,125,82,72&#8243; fullwidth=&#8221;on&#8221; _builder_version=&#8221;4.21.0&#8243; _module_preset=&#8221;default&#8221; pagination_text_color=&#8221;#000000&#8243; animation_style=&#8221;fade&#8221; auto=&#8221;on&#8221; global_colors_info=&#8221;{}&#8221;][\/et_pb_gallery][\/et_pb_column][\/et_pb_row][\/et_pb_section][et_pb_section fb_built=&#8221;1&#8243; admin_label=&#8221;Kvalitne materialy&#8221; _builder_version=&#8221;4.21.0&#8243; _module_preset=&#8221;default&#8221; background_color=&#8221;gcid-67960745-cc0c-4d73-b86b-ef2d6023be78&#8243; overflow-x=&#8221;hidden&#8221; overflow-y=&#8221;hidden&#8221; custom_padding=&#8221;5%||0%||false|false&#8221; top_divider_color=&#8221;#C8A47E&#8221; top_divider_height=&#8221;70px&#8221; top_divider_repeat=&#8221;1x&#8221; top_divider_flip=&#8221;horizontal&#8221; top_divider_height_tablet=&#8221;60px&#8221; top_divider_height_phone=&#8221;45px&#8221; top_divider_height_last_edited=&#8221;on|phone&#8221; bottom_divider_color=&#8221;#C8A47E&#8221; bottom_divider_height=&#8221;91px&#8221; bottom_divider_arrangement=&#8221;below_content&#8221; hover_enabled=&#8221;0&#8243; collapsed=&#8221;on&#8221; global_colors_info=&#8221;{%22gcid-67960745-cc0c-4d73-b86b-ef2d6023be78%22:%91%22background_color%22%93}&#8221; sticky_enabled=&#8221;0&#8243;][et_pb_row _builder_version=&#8221;4.21.0&#8243; _module_preset=&#8221;default&#8221; custom_padding=&#8221;0px||||false|false&#8221; global_colors_info=&#8221;{}&#8221;][et_pb_column type=&#8221;4_4&#8243; _builder_version=&#8221;4.21.0&#8243; _module_preset=&#8221;default&#8221; global_colors_info=&#8221;{}&#8221;][et_pb_text _builder_version=&#8221;4.21.0&#8243; _module_preset=&#8221;default&#8221; header_font=&#8221;Raleway|900|||||||&#8221; header_text_color=&#8221;#000000&#8243; header_font_size=&#8221;52px&#8221; header_font_size_tablet=&#8221;52px&#8221; header_font_size_phone=&#8221;35px&#8221; header_font_size_last_edited=&#8221;on|desktop&#8221; border_style_all=&#8221;none&#8221; border_width_bottom=&#8221;12px&#8221; border_color_bottom=&#8221;#C8A47E&#8221; global_colors_info=&#8221;{}&#8221;]<\/p>\n<h1 style=\"text-align: center;\"><strong>V\u00fdroba atypick\u00e9ho n\u00e1bytku na mieru<\/strong><\/h1>\n<p>[\/et_pb_text][\/et_pb_column][\/et_pb_row][et_pb_row column_structure=&#8221;1_2,1_2&#8243; _builder_version=&#8221;4.21.0&#8243; _module_preset=&#8221;default&#8221; custom_padding=&#8221;2px||3%||false|false&#8221; global_colors_info=&#8221;{}&#8221;][et_pb_column type=&#8221;1_2&#8243; _builder_version=&#8221;4.21.0&#8243; _module_preset=&#8221;default&#8221; global_colors_info=&#8221;{}&#8221;][et_pb_image src=&#8221;https:\/\/www.javanabytok.eu\/wp-content\/uploads\/2023\/07\/Danka-Matus-17.03.202-oco-e1688577441729.jpg&#8221; title_text=&#8221;Danka &#038; Matu\u0301s\u030c 17.03.202 oco&#8221; _builder_version=&#8221;4.21.0&#8243; _module_preset=&#8221;default&#8221; animation_style=&#8221;fold&#8221; hover_enabled=&#8221;0&#8243; box_shadow_style=&#8221;preset4&#8243; box_shadow_horizontal=&#8221;3vw&#8221; box_shadow_vertical=&#8221;3vw&#8221; box_shadow_color=&#8221;#FFF4E6&#8243; global_colors_info=&#8221;{}&#8221; transform_styles__hover_enabled=&#8221;on|hover&#8221; transform_scale__hover=&#8221;98%|98%&#8221; transform_scale__hover_enabled=&#8221;on|hover&#8221; transform_translate__hover_enabled=&#8221;on|desktop&#8221; transform_rotate__hover_enabled=&#8221;on|desktop&#8221; transform_skew__hover_enabled=&#8221;on|desktop&#8221; transform_origin__hover_enabled=&#8221;on|desktop&#8221; sticky_enabled=&#8221;0&#8243;][\/et_pb_image][\/et_pb_column][et_pb_column type=&#8221;1_2&#8243; _builder_version=&#8221;4.20.0&#8243; _module_preset=&#8221;default&#8221; global_colors_info=&#8221;{}&#8221;][et_pb_text _builder_version=&#8221;4.21.0&#8243; _module_preset=&#8221;351eb3d2-32f3-4f85-b5a3-a894c01a4bc0&#8243; custom_padding=&#8221;||0px|25px|false|false&#8221; custom_padding_tablet=&#8221;||0px|25px|false|false&#8221; custom_padding_phone=&#8221;|||0px|false|false&#8221; custom_padding_last_edited=&#8221;on|desktop&#8221; global_colors_info=&#8221;{}&#8221;]<\/p>\n<h4>Vizualiz\u00e1cia pred v\u00fdrobou<\/h4>\n<p>[\/et_pb_text][et_pb_text _builder_version=&#8221;4.21.0&#8243; _module_preset=&#8221;60b63e8b-11b6-4e17-9ec5-84c700765004&#8243; custom_margin=&#8221;|0px|28px|25px|false|false&#8221; custom_margin_tablet=&#8221;|0px|28px|25px|false|false&#8221; custom_margin_phone=&#8221;|||0px|false|false&#8221; custom_margin_last_edited=&#8221;on|desktop&#8221; custom_padding=&#8221;|||0px|false|false&#8221; custom_padding_tablet=&#8221;|||0px|false|false&#8221; custom_padding_phone=&#8221;|0px||0px|false|false&#8221; custom_padding_last_edited=&#8221;on|phone&#8221; border_width_bottom=&#8221;12px&#8221; border_color_bottom=&#8221;#C8A47E&#8221; border_style_bottom=&#8221;groove&#8221; global_colors_info=&#8221;{}&#8221;]<\/p>\n<h2>3D n\u00e1vrh a vizualiz\u00e1cia<\/h2>\n<p>[\/et_pb_text][et_pb_text _builder_version=&#8221;4.21.0&#8243; _module_preset=&#8221;b79dc585-a37e-4daa-9c13-e7c70bcbe56c&#8221; custom_padding=&#8221;||0px|25px|false|false&#8221; custom_padding_tablet=&#8221;||0px|25px|false|false&#8221; custom_padding_phone=&#8221;|||0px|false|false&#8221; custom_padding_last_edited=&#8221;on|phone&#8221; hover_enabled=&#8221;0&#8243; global_colors_info=&#8221;{}&#8221; text_font_size=&#8221;16px&#8221; sticky_enabled=&#8221;0&#8243;]<\/p>\n<p style=\"text-align: left;\">Pon\u00fakame 3D vizualiz\u00e1cie n\u00e1bytku na mieru, ktor\u00e9 v\u00e1m pom\u00f4\u017eu urobi\u0165 si lep\u0161iu predstavu o tom, ako bude n\u00e1bytok vyzera\u0165 vo va\u0161ej dom\u00e1cnosti. 3D vizualiz\u00e1cie s\u00fa vytvoren\u00e9 pomocou najmodernej\u0161\u00edch technol\u00f3gi\u00ed a s\u00fa ve\u013emi realistick\u00e9. M\u00f4\u017eete si vybra\u0165 z r\u00f4znych modelov n\u00e1bytku, materi\u00e1lov a farieb. 3D vizualiz\u00e1cie v\u00e1m pom\u00f4\u017eu urobi\u0165 spr\u00e1vne rozhodnutie pri v\u00fdbere n\u00e1bytku a zabezpe\u010dia, \u017ee budete s v\u00fdsledkom spokojn\u00ed.<\/p>\n<p style=\"text-align: left;\">Ak m\u00e1te z\u00e1ujem o 3D vizualiz\u00e1ciu, nev\u00e1hajte n\u00e1s kontaktova\u0165. Radi v\u00e1m pom\u00f4\u017eeme s vytvoren\u00edm vizualiz\u00e1cie, ktor\u00e1 bude presne tak\u00e1, ako si ju predstavujete.<\/p>\n<p>[\/et_pb_text][\/et_pb_column][\/et_pb_row][\/et_pb_section][et_pb_section fb_built=&#8221;1&#8243; admin_label=&#8221;Vyrobny proces&#8221; _builder_version=&#8221;4.21.0&#8243; _module_preset=&#8221;default&#8221; background_color=&#8221;#FFFFFF&#8221; overflow-x=&#8221;hidden&#8221; overflow-y=&#8221;hidden&#8221; custom_padding=&#8221;1%||0px||false|false&#8221; hover_enabled=&#8221;0&#8243; collapsed=&#8221;on&#8221; global_colors_info=&#8221;{}&#8221; sticky_enabled=&#8221;0&#8243;][et_pb_row column_structure=&#8221;1_2,1_2&#8243; _builder_version=&#8221;4.20.0&#8243; _module_preset=&#8221;default&#8221; global_colors_info=&#8221;{}&#8221;][et_pb_column type=&#8221;1_2&#8243; _builder_version=&#8221;4.20.0&#8243; _module_preset=&#8221;default&#8221; global_colors_info=&#8221;{}&#8221;][et_pb_text _builder_version=&#8221;4.21.0&#8243; _module_preset=&#8221;351eb3d2-32f3-4f85-b5a3-a894c01a4bc0&#8243; global_colors_info=&#8221;{%22gcid-a3412674-3498-4142-ac08-6afad8430048%22:%91%22header_4_text_color%22%93}&#8221;]<\/p>\n<h4>V\u00fdroba na mieru<\/h4>\n<p>[\/et_pb_text][et_pb_text _builder_version=&#8221;4.21.0&#8243; _module_preset=&#8221;60b63e8b-11b6-4e17-9ec5-84c700765004&#8243; header_2_font=&#8221;Questrial|700|||||||&#8221; border_color_all=&#8221;#000000&#8243; border_style_all=&#8221;groove&#8221; border_width_bottom=&#8221;12px&#8221; border_color_bottom=&#8221;#C8A47E&#8221; global_colors_info=&#8221;{}&#8221;]<\/p>\n<h2>V\u00fdrobn\u00fd proces<\/h2>\n<p>[\/et_pb_text][et_pb_text _builder_version=&#8221;4.21.0&#8243; _module_preset=&#8221;b79dc585-a37e-4daa-9c13-e7c70bcbe56c&#8221; custom_padding=&#8221;|0px|1px|0px|false|false&#8221; hover_enabled=&#8221;0&#8243; global_colors_info=&#8221;{}&#8221; text_font_size=&#8221;16px&#8221; sticky_enabled=&#8221;0&#8243;]<\/p>\n<p style=\"text-align: left;\">Vyr\u00e1bame n\u00e1bytok na mieru pomocou najmodernej\u0161\u00edch technol\u00f3gi\u00ed, ako je 5-osov\u00fd CNC stroj. Tento stroj n\u00e1m umo\u017e\u0148uje vytv\u00e1ra\u0165 ve\u013emi presn\u00e9 a komplexn\u00e9 diely, ktor\u00e9 s\u00fa presne v s\u00falade s po\u017eiadavkami z\u00e1kazn\u00edka.<\/p>\n<p style=\"text-align: left;\">Sme hrd\u00ed na to, \u017ee vyr\u00e1bame n\u00e1bytok na mieru pomocou najmodernej\u0161\u00edch technol\u00f3gi\u00ed. Ver\u00edme, \u017ee t\u00fdmto sp\u00f4sobom dok\u00e1\u017eeme vytv\u00e1ra\u0165 n\u00e1bytok, ktor\u00fd je nielen presn\u00fd, ale aj estetick\u00fd a jedine\u010dn\u00fd.<\/p>\n<p>[\/et_pb_text][\/et_pb_column][et_pb_column type=&#8221;1_2&#8243; admin_label=&#8221;St\u013apec&#8221; _builder_version=&#8221;4.21.0&#8243; _module_preset=&#8221;default&#8221; global_colors_info=&#8221;{}&#8221;][et_pb_image src=&#8221;https:\/\/www.javanabytok.eu\/wp-content\/uploads\/2023\/07\/hol_promaster_7125_2014_front.jpg&#8221; title_text=&#8221;hol_promaster_7125_2014_front&#8221; admin_label=&#8221;Obr\u00e1zok&#8221; _builder_version=&#8221;4.21.0&#8243; _module_preset=&#8221;default&#8221; animation_style=&#8221;fold&#8221; hover_enabled=&#8221;0&#8243; box_shadow_style=&#8221;preset4&#8243; box_shadow_horizontal=&#8221;3vw&#8221; box_shadow_vertical=&#8221;3vw&#8221; box_shadow_color=&#8221;#FFF4E6&#8243; global_colors_info=&#8221;{}&#8221; transform_styles__hover_enabled=&#8221;on|hover&#8221; transform_scale__hover=&#8221;98%|98%&#8221; transform_scale__hover_enabled=&#8221;on|hover&#8221; transform_translate__hover_enabled=&#8221;on|desktop&#8221; transform_rotate__hover_enabled=&#8221;on|desktop&#8221; transform_skew__hover_enabled=&#8221;on|desktop&#8221; transform_origin__hover_enabled=&#8221;on|desktop&#8221; sticky_enabled=&#8221;0&#8243;][\/et_pb_image][\/et_pb_column][\/et_pb_row][\/et_pb_section][et_pb_section fb_built=&#8221;1&#8243; admin_label=&#8221;Kvalitne materialy&#8221; _builder_version=&#8221;4.21.0&#8243; _module_preset=&#8221;default&#8221; background_color=&#8221;#FFFFFF&#8221; overflow-x=&#8221;hidden&#8221; overflow-y=&#8221;hidden&#8221; custom_padding=&#8221;50px||4px|||&#8221; hover_enabled=&#8221;0&#8243; collapsed=&#8221;on&#8221; global_colors_info=&#8221;{}&#8221; sticky_enabled=&#8221;0&#8243;][et_pb_row column_structure=&#8221;1_2,1_2&#8243; _builder_version=&#8221;4.20.0&#8243; _module_preset=&#8221;default&#8221; global_colors_info=&#8221;{}&#8221;][et_pb_column type=&#8221;1_2&#8243; _builder_version=&#8221;4.21.0&#8243; _module_preset=&#8221;default&#8221; global_colors_info=&#8221;{}&#8221;][et_pb_image src=&#8221;https:\/\/www.javanabytok.eu\/wp-content\/uploads\/2023\/06\/edc2020_heroshots_A4_quer_15Grau_texture_range-01-1.jpg&#8221; title_text=&#8221;edc2020_heroshots_A4_quer_15Grau_texture_range-01-1&#8243; _builder_version=&#8221;4.21.0&#8243; _module_preset=&#8221;default&#8221; animation_style=&#8221;fold&#8221; hover_enabled=&#8221;0&#8243; box_shadow_style=&#8221;preset4&#8243; box_shadow_horizontal=&#8221;3vw&#8221; box_shadow_vertical=&#8221;3vw&#8221; box_shadow_color=&#8221;#FFF4E6&#8243; global_colors_info=&#8221;{}&#8221; transform_styles__hover_enabled=&#8221;on|hover&#8221; transform_scale__hover=&#8221;98%|98%&#8221; transform_scale__hover_enabled=&#8221;on|hover&#8221; transform_translate__hover_enabled=&#8221;on|desktop&#8221; transform_rotate__hover_enabled=&#8221;on|desktop&#8221; transform_skew__hover_enabled=&#8221;on|desktop&#8221; transform_origin__hover_enabled=&#8221;on|desktop&#8221; sticky_enabled=&#8221;0&#8243;][\/et_pb_image][\/et_pb_column][et_pb_column type=&#8221;1_2&#8243; _builder_version=&#8221;4.20.0&#8243; _module_preset=&#8221;default&#8221; global_colors_info=&#8221;{}&#8221;][et_pb_text _builder_version=&#8221;4.21.0&#8243; _module_preset=&#8221;351eb3d2-32f3-4f85-b5a3-a894c01a4bc0&#8243; custom_padding=&#8221;|||25px|false|false&#8221; custom_padding_tablet=&#8221;|||25px|false|false&#8221; custom_padding_phone=&#8221;|||0px|false|false&#8221; custom_padding_last_edited=&#8221;on|phone&#8221; global_colors_info=&#8221;{%22gcid-a3412674-3498-4142-ac08-6afad8430048%22:%91%22header_4_text_color%22%93}&#8221;]<\/p>\n<h4>&#8220;Kvalitn\u00fd n\u00e1bytok &#8211; spokojn\u00fd z\u00e1kazn\u00edk.&#8221;<\/h4>\n<p>[\/et_pb_text][et_pb_text _builder_version=&#8221;4.21.0&#8243; _module_preset=&#8221;60b63e8b-11b6-4e17-9ec5-84c700765004&#8243; custom_margin=&#8221;|||25px|false|false&#8221; custom_margin_tablet=&#8221;|||25px|false|false&#8221; custom_margin_phone=&#8221;|||0px|false|false&#8221; custom_margin_last_edited=&#8221;on|desktop&#8221; custom_padding=&#8221;||||false|false&#8221; custom_padding_tablet=&#8221;||||false|false&#8221; custom_padding_phone=&#8221;|||0px|false|false&#8221; custom_padding_last_edited=&#8221;on|phone&#8221; border_width_bottom=&#8221;12px&#8221; border_color_bottom=&#8221;#C8A47E&#8221; border_style_bottom=&#8221;groove&#8221; global_colors_info=&#8221;{}&#8221;]<\/p>\n<h2>Kvalitn\u00e9 materi\u00e1ly<\/h2>\n<p>[\/et_pb_text][et_pb_text _builder_version=&#8221;4.21.0&#8243; _module_preset=&#8221;b79dc585-a37e-4daa-9c13-e7c70bcbe56c&#8221; custom_padding=&#8221;||0px|25px|false|false&#8221; custom_padding_tablet=&#8221;||0px|25px|false|false&#8221; custom_padding_phone=&#8221;|||0px|false|false&#8221; custom_padding_last_edited=&#8221;on|phone&#8221; hover_enabled=&#8221;0&#8243; global_colors_info=&#8221;{}&#8221; text_font_size=&#8221;16px&#8221; sticky_enabled=&#8221;0&#8243;]<\/p>\n<p style=\"text-align: left;\">Na\u0161e v\u00fdrobky s\u00fa vyroben\u00e9 z najkvalitnej\u0161\u00edch materi\u00e1lov od svetov\u00fdch v\u00fdrobcov. To zaru\u010duje, \u017ee n\u00e1\u0161 n\u00e1bytok je nielen kr\u00e1sny, ale aj odoln\u00fd a bude v\u00e1m sl\u00fa\u017ei\u0165 po mnoho rokov. Pou\u017e\u00edvame napr\u00edklad materi\u00e1ly od zna\u010diek Egger, Kronospan, BLUM, Strong, H\u00e4fele, Kesseb\u00f6hmer a Pfleiderer. Tieto zna\u010dky s\u00fa z\u00e1rukou vysokej kvality a trvanlivosti.<\/p>\n<p style=\"text-align: left;\">Ver\u00edme, \u017ee kvalita je d\u00f4le\u017eit\u00e1. Preto pou\u017e\u00edvame len tie najlep\u0161ie materi\u00e1ly a komponenty. Chceme, aby ste boli so svojim n\u00e1bytkom spokojn\u00ed po mnoho rokov.<\/p>\n<p>[\/et_pb_text][\/et_pb_column][\/et_pb_row][\/et_pb_section]<\/p>\n","protected":false},"excerpt":{"rendered":"<p>V\u00fdroba atypick\u00e9ho n\u00e1bytku na mieruVizualiz\u00e1cia pred v\u00fdrobou3D n\u00e1vrh a vizualiz\u00e1ciaPon\u00fakame 3D vizualiz\u00e1cie n\u00e1bytku na mieru, ktor\u00e9 v\u00e1m pom\u00f4\u017eu urobi\u0165 si lep\u0161iu predstavu o tom, ako bude n\u00e1bytok vyzera\u0165 vo va\u0161ej dom\u00e1cnosti. 3D vizualiz\u00e1cie s\u00fa vytvoren\u00e9 pomocou najmodernej\u0161\u00edch technol\u00f3gi\u00ed a s\u00fa ve\u013emi realistick\u00e9. M\u00f4\u017eete si vybra\u0165 z r\u00f4znych modelov n\u00e1bytku, materi\u00e1lov a farieb. 3D vizualiz\u00e1cie v\u00e1m [&hellip;]<\/p>\n","protected":false},"author":1,"featured_media":0,"parent":0,"menu_order":0,"comment_status":"closed","ping_status":"closed","template":"","meta":{"_et_pb_use_builder":"on","_et_pb_old_content":"","_et_gb_content_width":""},"folder":[],"_links":{"self":[{"href":"https:\/\/www.javanabytok.eu\/index.php?rest_route=\/wp\/v2\/pages\/106"}],"collection":[{"href":"https:\/\/www.javanabytok.eu\/index.php?rest_route=\/wp\/v2\/pages"}],"about":[{"href":"https:\/\/www.javanabytok.eu\/index.php?rest_route=\/wp\/v2\/types\/page"}],"author":[{"embeddable":true,"href":"https:\/\/www.javanabytok.eu\/index.php?rest_route=\/wp\/v2\/users\/1"}],"replies":[{"embeddable":true,"href":"https:\/\/www.javanabytok.eu\/index.php?rest_route=%2Fwp%2Fv2%2Fcomments&post=106"}],"version-history":[{"count":5,"href":"https:\/\/www.javanabytok.eu\/index.php?rest_route=\/wp\/v2\/pages\/106\/revisions"}],"predecessor-version":[{"id":1281,"href":"https:\/\/www.javanabytok.eu\/index.php?rest_route=\/wp\/v2\/pages\/106\/revisions\/1281"}],"wp:attachment":[{"href":"https:\/\/www.javanabytok.eu\/index.php?rest_route=%2Fwp%2Fv2%2Fmedia&parent=106"}],"wp:term":[{"taxonomy":"folder","embeddable":true,"href":"https:\/\/www.javanabytok.eu\/index.php?rest_route=%2Fwp%2Fv2%2Ffolder&post=106"}],"curies":[{"name":"wp","href":"https:\/\/api.w.org\/{rel}","templated":true}]}}